{"id":315,"date":"2014-05-06T15:51:02","date_gmt":"2014-05-06T15:51:02","guid":{"rendered":"http:\/\/cocinasfamara.lztic.com\/?page_id=315"},"modified":"2014-07-17T15:20:35","modified_gmt":"2014-07-17T15:20:35","slug":"garantia","status":"publish","type":"page","link":"https:\/\/www.cocinasfamara.es\/en\/garantia\/","title":{"rendered":"Warranty"},"content":{"rendered":"<p>[content_third]<img decoding=\"async\" style=\"height: 110px;\" src=\"https:\/\/cocinasfamara.es\/wp-content\/uploads\/2014\/05\/garantiaSilestone.png\" alt=\"\" \/><\/p>\n<h2>Encimeras Silestone <\/h2>\n<p>presenta su nueva garant\u00eda de 10 a\u00f1os. Una garant\u00eda para dar m\u00e1s confianza al consumidor. Una vez m\u00e1s silestone vuelve a innovar. La garant\u00eda del L\u00edder.<\/p>\n<p>[\/content_third]<br \/>\n[content_third]<br \/>\n<img decoding=\"async\" src=\"https:\/\/cocinasfamara.es\/wp-content\/uploads\/2014\/04\/garantia.png\" alt=\"\" \/><\/p>\n<h2>Muebles de Cocina<\/h2>\n<p>Dada de la excelente calidad de todos nuestros productos, nuestros<strong> muebles <\/strong> vienen respaldadas por una <strong>garant\u00eda de 5 a\u00f1os. <\/strong><\/p>\n<p>[\/content_third]<br \/>\n[content_third id=&#8221;last&#8221;]<br \/>\n<img decoding=\"async\" src=\"https:\/\/cocinasfamara.es\/wp-content\/uploads\/2014\/05\/garantia2a.png\" alt=\"\" \/><\/p>\n<h2>Electrodom\u00e9sticos <\/h2>\n<p>Los <strong>electrodom\u00e9sticos<\/strong> se ofrecen con garant\u00eda por <strong>2 a\u00f1os<\/strong><\/p>\n<p>[\/content_third]<\/p>\n<hr \/>\n<p><em>Todas los art\u00edculos est\u00e1n sujetos a las condiciones habituales de la ley de Garant\u00eda y se respetar\u00e1n los plazos indicados de garant\u00edas salvo que haya un mal uso de ellos <\/em><\/p>","protected":false},"excerpt":{"rendered":"<p>[content_third] Encimeras Silestone presenta su nueva garant\u00eda de 10 a\u00f1os.  [&#8230;]<\/p>\n","protected":false},"author":2,"featured_media":0,"parent":0,"menu_order":0,"comment_status":"open","ping_status":"open","template":"","meta":{"inline_featured_image":false,"footnotes":""},"class_list":["post-315","page","type-page","status-publish","hentry"],"_links":{"self":[{"href":"https:\/\/www.cocinasfamara.es\/en\/wp-json\/wp\/v2\/pages\/315","targetHints":{"allow":["GET"]}}],"collection":[{"href":"https:\/\/www.cocinasfamara.es\/en\/wp-json\/wp\/v2\/pages"}],"about":[{"href":"https:\/\/www.cocinasfamara.es\/en\/wp-json\/wp\/v2\/types\/page"}],"author":[{"embeddable":true,"href":"https:\/\/www.cocinasfamara.es\/en\/wp-json\/wp\/v2\/users\/2"}],"replies":[{"embeddable":true,"href":"https:\/\/www.cocinasfamara.es\/en\/wp-json\/wp\/v2\/comments?post=315"}],"version-history":[{"count":0,"href":"https:\/\/www.cocinasfamara.es\/en\/wp-json\/wp\/v2\/pages\/315\/revisions"}],"wp:attachment":[{"href":"https:\/\/www.cocinasfamara.es\/en\/wp-json\/wp\/v2\/media?parent=315"}],"curies":[{"name":"wp","href":"https:\/\/api.w.org\/{rel}","templated":true}]}}